{"id":38,"date":"2026-04-08T19:26:57","date_gmt":"2026-04-08T19:26:57","guid":{"rendered":"https:\/\/ofa-impact.org\/start\/"},"modified":"2026-04-09T16:26:51","modified_gmt":"2026-04-09T16:26:51","slug":"startseite","status":"publish","type":"page","link":"https:\/\/ofa-impact.org\/en\/","title":{"rendered":"Startseite"},"content":{"rendered":"<div class=\"wp-block-group alignfull ext-hero-section is-style-ext-preset--group--natural-1--section has-background-background-color has-background has-global-padding is-layout-constrained wp-container-core-group-is-layout-3a3c7119 wp-block-group-is-layout-constrained\" style=\"margin-top:0;margin-bottom:0;padding-top:var(--wp--preset--spacing--50);padding-bottom:var(--wp--preset--spacing--70)\">\n<div class=\"wp-block-group ext-is-logical-start has-global-padding is-content-justification-left is-layout-constrained wp-container-core-group-is-layout-44b7bc52 wp-block-group-is-layout-constrained\">\n<h1 class=\"wp-block-heading has-text-align-center ext-animate--on\">Hilfe sichtbar machen. Unterst\u00fctzung erm\u00f6glichen.<\/h1>\n<\/div>\n\n\n\n<div class=\"wp-block-columns alignwide are-vertically-aligned-center is-not-stacked-on-mobile is-layout-flex wp-container-core-columns-is-layout-87beb0d0 wp-block-columns-is-layout-flex\">\n<div class=\"wp-block-column is-vertically-aligned-center ext-animate--on is-layout-flow wp-block-column-is-layout-flow\">\n<figure class=\"wp-block-image size-full is-style-ext-preset--image--natural-1--image-1--content-right is-style-ext-preset--image--natural-1--image-1--content-right--2\"><img loading=\"lazy\" decoding=\"async\" width=\"640\" height=\"427\" src=\"https:\/\/ofa-impact.org\/wp-content\/uploads\/2026\/04\/pexels-media-8543099.jpeg\" alt=\"\" class=\"wp-image-301\" style=\"aspect-ratio:4\/3;object-fit:cover\" srcset=\"https:\/\/ofa-impact.org\/wp-content\/uploads\/2026\/04\/pexels-media-8543099.jpeg 640w, https:\/\/ofa-impact.org\/wp-content\/uploads\/2026\/04\/pexels-media-8543099-300x200.jpeg 300w, https:\/\/ofa-impact.org\/wp-content\/uploads\/2026\/04\/pexels-media-8543099-18x12.jpeg 18w\" sizes=\"auto, (max-width: 640px) 100vw, 640px\" \/><\/figure>\n<\/div>\n\n\n\n<div class=\"wp-block-column is-vertically-aligned-center ext-animate--on is-layout-flow wp-block-column-is-layout-flow\">\n<figure class=\"wp-block-image size-full is-style-ext-preset--image--natural-1--image-1--content-any is-style-ext-preset--image--natural-1--image-1--content-any--3\"><img loading=\"lazy\" decoding=\"async\" width=\"1280\" height=\"853\" src=\"https:\/\/ofa-impact.org\/wp-content\/uploads\/2026\/04\/pexels-julia-m-cameron-6994870.jpg\" alt=\"\" class=\"wp-image-85\" style=\"aspect-ratio:4\/3;object-fit:cover\" srcset=\"https:\/\/ofa-impact.org\/wp-content\/uploads\/2026\/04\/pexels-julia-m-cameron-6994870.jpg 1280w, https:\/\/ofa-impact.org\/wp-content\/uploads\/2026\/04\/pexels-julia-m-cameron-6994870-300x200.jpg 300w, https:\/\/ofa-impact.org\/wp-content\/uploads\/2026\/04\/pexels-julia-m-cameron-6994870-1024x682.jpg 1024w, https:\/\/ofa-impact.org\/wp-content\/uploads\/2026\/04\/pexels-julia-m-cameron-6994870-768x512.jpg 768w, https:\/\/ofa-impact.org\/wp-content\/uploads\/2026\/04\/pexels-julia-m-cameron-6994870-18x12.jpg 18w\" sizes=\"auto, (max-width: 1280px) 100vw, 1280px\" \/><\/figure>\n<\/div>\n\n\n\n<div class=\"wp-block-column is-vertically-aligned-center ext-animate--on is-layout-flow wp-block-column-is-layout-flow\">\n<figure class=\"wp-block-image size-full is-style-ext-preset--image--natural-1--image-1--content-left is-style-ext-preset--image--natural-1--image-1--content-left--4\"><img loading=\"lazy\" decoding=\"async\" width=\"1280\" height=\"853\" src=\"https:\/\/ofa-impact.org\/wp-content\/uploads\/2026\/04\/pexels-shkrabaanthony-7345444.jpg\" alt=\"\" class=\"wp-image-83\" style=\"aspect-ratio:4\/3;object-fit:cover\"\/><\/figure>\n<\/div>\n<\/div>\n\n\n\n<div class=\"wp-block-group ext-animate--on has-global-padding is-content-justification-left is-layout-constrained wp-container-core-group-is-layout-44b7bc52 wp-block-group-is-layout-constrained\">\n<p class=\"has-text-align-center ext-animate--on has-medium-font-size\"><strong>Sch\u00f6n, dass du hier bist.<\/strong><br>Wir sind One For All (OFA) Impact. Mit unserer Initiative machen wir Hilfe sichtbar, vernetzen Menschen und leisten konkrete Unterst\u00fctzung \u2013 digital und vor Ort. <\/p>\n\n\n\n<p class=\"has-text-align-center ext-animate--on has-medium-font-size\">Gemeinsam m\u00f6chten wir Unterst\u00fctzung einfacher zug\u00e4nglich machen und mehr bewegen. Wir freuen uns, wenn du Teil davon wirst \u2013                       ob als Privatperson, Initiative oder Unternehmen.<\/p>\n\n\n\n<p class=\"ext-animate--on\"><\/p>\n<\/div>\n\n\n\n<div class=\"wp-block-buttons alignwide ext-animate--on is-content-justification-center is-layout-flex wp-container-core-buttons-is-layout-d2a3880e wp-block-buttons-is-layout-flex\" style=\"margin-top:var(--wp--preset--spacing--30)\">\n<div class=\"wp-block-button is-style-ext-preset--button--natural-1--button-1 is-style-ext-preset--button--natural-1--button-1--5\"><a class=\"wp-block-button__link wp-element-button\" href=\"https:\/\/ofa-impact.org\/en\/ueber-uns\/\">Mehr erfahren<\/a><\/div>\n<\/div>\n<\/div>","protected":false},"excerpt":{"rendered":"<p>Hilfe sichtbar machen. Unterst\u00fctzung erm\u00f6glichen. Sch\u00f6n, dass du hier bist.Wir sind One For All (OFA) Impact. Mit unserer Initiative machen wir Hilfe sichtbar, vernetzen Menschen und leisten konkrete Unterst\u00fctzung \u2013 digital und vor Ort. Gemeinsam m\u00f6chten wir Unterst\u00fctzung einfacher zug\u00e4nglich machen und mehr bewegen. Wir freuen uns, wenn du Teil davon wirst \u2013 ob als [&hellip;]<\/p>\n","protected":false},"author":1,"featured_media":0,"parent":0,"menu_order":0,"comment_status":"closed","ping_status":"closed","template":"no-title","meta":{"footnotes":""},"class_list":["post-38","page","type-page","status-publish","hentry"],"_links":{"self":[{"href":"https:\/\/ofa-impact.org\/en\/wp-json\/wp\/v2\/pages\/38","targetHints":{"allow":["GET"]}}],"collection":[{"href":"https:\/\/ofa-impact.org\/en\/wp-json\/wp\/v2\/pages"}],"about":[{"href":"https:\/\/ofa-impact.org\/en\/wp-json\/wp\/v2\/types\/page"}],"author":[{"embeddable":true,"href":"https:\/\/ofa-impact.org\/en\/wp-json\/wp\/v2\/users\/1"}],"replies":[{"embeddable":true,"href":"https:\/\/ofa-impact.org\/en\/wp-json\/wp\/v2\/comments?post=38"}],"version-history":[{"count":54,"href":"https:\/\/ofa-impact.org\/en\/wp-json\/wp\/v2\/pages\/38\/revisions"}],"predecessor-version":[{"id":375,"href":"https:\/\/ofa-impact.org\/en\/wp-json\/wp\/v2\/pages\/38\/revisions\/375"}],"wp:attachment":[{"href":"https:\/\/ofa-impact.org\/en\/wp-json\/wp\/v2\/media?parent=38"}],"curies":[{"name":"wp","href":"https:\/\/api.w.org\/{rel}","templated":true}]}}