{"id":37,"date":"2026-04-08T19:26:57","date_gmt":"2026-04-08T19:26:57","guid":{"rendered":"https:\/\/ofa-impact.org\/portfolio\/"},"modified":"2026-04-08T19:51:10","modified_gmt":"2026-04-08T19:51:10","slug":"portfolio","status":"publish","type":"page","link":"https:\/\/ofa-impact.org\/en\/portfolio\/","title":{"rendered":"Portfolio"},"content":{"rendered":"<div class=\"wp-block-group alignfull is-style-ext-preset--group--natural-1--section has-background-background-color has-background has-global-padding is-layout-constrained wp-container-core-group-is-layout-843e5a6d wp-block-group-is-layout-constrained\" id=\"ueber\" style=\"margin-top:0;margin-bottom:0;padding-top:var(--wp--preset--spacing--70);padding-bottom:var(--wp--preset--spacing--70)\">\n<h2 class=\"wp-block-heading has-text-align-center ext-animate--on\">Direkte Hilfe: Sofortige Unterst\u00fctzung f\u00fcr Menschen in Not<\/h2>\n\n\n\n<p class=\"has-text-align-center ext-animate--on\" style=\"margin-top:1.5rem\">OFA Impact engagiert sich daf\u00fcr, unmittelbare Hilfe und lebenswichtige G\u00fcter an Menschen in akuten Notlagen zu verteilen. Unsere Vision ist es, Gemeinschaft zu st\u00e4rken und Transparenz bei jeder Aktion zu gew\u00e4hrleisten.<\/p>\n\n\n\n<figure class=\"wp-block-image is-style-ext-preset-image-natural-1-image-1--content-any is-style-ext-preset--image--natural-1--image-1--content-any ext-animate--on is-style-ext-preset--image--natural-1--image-1--content-any--2\"><img loading=\"lazy\" decoding=\"async\" width=\"1440\" height=\"960\" class=\"wp-image-59\" src=\"https:\/\/ofa-impact.org\/wp-content\/uploads\/2026\/04\/81fa5a719116a9eeea56b36253fcb571a95532f9.jpg\" alt=\"\" style=\"aspect-ratio:16\/9;object-fit:cover\" srcset=\"https:\/\/ofa-impact.org\/wp-content\/uploads\/2026\/04\/81fa5a719116a9eeea56b36253fcb571a95532f9.jpg 1440w, https:\/\/ofa-impact.org\/wp-content\/uploads\/2026\/04\/81fa5a719116a9eeea56b36253fcb571a95532f9-300x200.jpg 300w, https:\/\/ofa-impact.org\/wp-content\/uploads\/2026\/04\/81fa5a719116a9eeea56b36253fcb571a95532f9-1024x683.jpg 1024w, https:\/\/ofa-impact.org\/wp-content\/uploads\/2026\/04\/81fa5a719116a9eeea56b36253fcb571a95532f9-768x512.jpg 768w, https:\/\/ofa-impact.org\/wp-content\/uploads\/2026\/04\/81fa5a719116a9eeea56b36253fcb571a95532f9-18x12.jpg 18w\" sizes=\"auto, (max-width: 1440px) 100vw, 1440px\" \/><\/figure>\n<\/div>\n\n<div class=\"wp-block-group alignfull is-style-ext-preset--group--natural-1--section has-tertiary-background-color has-background has-global-padding is-layout-constrained wp-container-core-group-is-layout-f72f1611 wp-block-group-is-layout-constrained\" id=\"galerie\" style=\"margin-top:0;margin-bottom:0;padding-top:var(--wp--preset--spacing--70);padding-bottom:var(--wp--preset--spacing--70)\">\n<div class=\"wp-block-group alignwide ext-is-logical-start has-global-padding is-content-justification-left is-layout-constrained wp-container-core-group-is-layout-6729bdbe wp-block-group-is-layout-constrained\">\n<h2 class=\"wp-block-heading ext-animate--on\">Stra\u00dfenstationen: Soforthilfe, die wirkt<\/h2>\n\n\n\n<p class=\"has-text-align-left ext-animate--on\" style=\"margin-top:1.5rem\">Entdecken Sie hier aussagekr\u00e4ftige Bilder, die unsere direkte Unterst\u00fctzung und Gemeinschaft zeigen.<\/p>\n<\/div>\n\n\n\n<div class=\"wp-block-columns alignwide is-layout-flex wp-container-core-columns-is-layout-87beb0d0 wp-block-columns-is-layout-flex\">\n<div class=\"wp-block-column is-vertically-aligned-top ext-animate--on is-layout-flow wp-container-core-column-is-layout-f5bb311e wp-block-column-is-layout-flow\">\n<figure class=\"wp-block-image is-style-ext-preset--image--natural-1--image-1--content-bottom is-style-ext-preset--image--natural-1--image-1--content-bottom--4\"><img loading=\"lazy\" decoding=\"async\" width=\"1440\" height=\"960\" class=\"wp-image-66\" src=\"https:\/\/ofa-impact.org\/wp-content\/uploads\/2026\/04\/79db92325f5dab284254e08ae1b629fe2e24077c.jpg\" alt=\"\" style=\"aspect-ratio:1;object-fit:cover\" srcset=\"https:\/\/ofa-impact.org\/wp-content\/uploads\/2026\/04\/79db92325f5dab284254e08ae1b629fe2e24077c.jpg 1440w, https:\/\/ofa-impact.org\/wp-content\/uploads\/2026\/04\/79db92325f5dab284254e08ae1b629fe2e24077c-300x200.jpg 300w, https:\/\/ofa-impact.org\/wp-content\/uploads\/2026\/04\/79db92325f5dab284254e08ae1b629fe2e24077c-1024x683.jpg 1024w, https:\/\/ofa-impact.org\/wp-content\/uploads\/2026\/04\/79db92325f5dab284254e08ae1b629fe2e24077c-768x512.jpg 768w, https:\/\/ofa-impact.org\/wp-content\/uploads\/2026\/04\/79db92325f5dab284254e08ae1b629fe2e24077c-18x12.jpg 18w\" sizes=\"auto, (max-width: 1440px) 100vw, 1440px\" \/><\/figure>\n\n\n\n<figure class=\"wp-block-image is-style-ext-preset--image--natural-1--image-1--content-right is-style-ext-preset--image--natural-1--image-1--content-right--5\"><img loading=\"lazy\" decoding=\"async\" width=\"1440\" height=\"960\" class=\"wp-image-57\" src=\"https:\/\/ofa-impact.org\/wp-content\/uploads\/2026\/04\/c9cc7911a1e63063b798e495ac6572f8fe7b5f4d.jpg\" alt=\"\" style=\"aspect-ratio:4\/3;object-fit:cover\" srcset=\"https:\/\/ofa-impact.org\/wp-content\/uploads\/2026\/04\/c9cc7911a1e63063b798e495ac6572f8fe7b5f4d.jpg 1440w, https:\/\/ofa-impact.org\/wp-content\/uploads\/2026\/04\/c9cc7911a1e63063b798e495ac6572f8fe7b5f4d-300x200.jpg 300w, https:\/\/ofa-impact.org\/wp-content\/uploads\/2026\/04\/c9cc7911a1e63063b798e495ac6572f8fe7b5f4d-1024x683.jpg 1024w, https:\/\/ofa-impact.org\/wp-content\/uploads\/2026\/04\/c9cc7911a1e63063b798e495ac6572f8fe7b5f4d-768x512.jpg 768w, https:\/\/ofa-impact.org\/wp-content\/uploads\/2026\/04\/c9cc7911a1e63063b798e495ac6572f8fe7b5f4d-18x12.jpg 18w\" sizes=\"auto, (max-width: 1440px) 100vw, 1440px\" \/><\/figure>\n<\/div>\n\n\n\n<div class=\"wp-block-column is-vertically-aligned-top ext-animate--on is-layout-flow wp-container-core-column-is-layout-f5bb311e wp-block-column-is-layout-flow\">\n<figure class=\"wp-block-image is-style-ext-preset--image--natural-1--image-1--content-left is-style-ext-preset--image--natural-1--image-1--content-left--6\"><img loading=\"lazy\" decoding=\"async\" width=\"1440\" height=\"960\" class=\"wp-image-64\" src=\"https:\/\/ofa-impact.org\/wp-content\/uploads\/2026\/04\/e8e2c2c938401080eae11f42d9efb8e332d7de84.jpg\" alt=\"\" style=\"aspect-ratio:4\/3;object-fit:cover\" srcset=\"https:\/\/ofa-impact.org\/wp-content\/uploads\/2026\/04\/e8e2c2c938401080eae11f42d9efb8e332d7de84.jpg 1440w, https:\/\/ofa-impact.org\/wp-content\/uploads\/2026\/04\/e8e2c2c938401080eae11f42d9efb8e332d7de84-300x200.jpg 300w, https:\/\/ofa-impact.org\/wp-content\/uploads\/2026\/04\/e8e2c2c938401080eae11f42d9efb8e332d7de84-1024x683.jpg 1024w, https:\/\/ofa-impact.org\/wp-content\/uploads\/2026\/04\/e8e2c2c938401080eae11f42d9efb8e332d7de84-768x512.jpg 768w, https:\/\/ofa-impact.org\/wp-content\/uploads\/2026\/04\/e8e2c2c938401080eae11f42d9efb8e332d7de84-18x12.jpg 18w\" sizes=\"auto, (max-width: 1440px) 100vw, 1440px\" \/><\/figure>\n\n\n\n<figure class=\"wp-block-image is-style-ext-preset--image--natural-1--image-1--content-left is-style-ext-preset--image--natural-1--image-1--content-left--7\"><img loading=\"lazy\" decoding=\"async\" width=\"1440\" height=\"810\" class=\"wp-image-58\" src=\"https:\/\/ofa-impact.org\/wp-content\/uploads\/2026\/04\/4f3e5c96cb5193845de195d28fb4d83166c5864a.jpg\" alt=\"\" style=\"aspect-ratio:1;object-fit:cover\" srcset=\"https:\/\/ofa-impact.org\/wp-content\/uploads\/2026\/04\/4f3e5c96cb5193845de195d28fb4d83166c5864a.jpg 1440w, https:\/\/ofa-impact.org\/wp-content\/uploads\/2026\/04\/4f3e5c96cb5193845de195d28fb4d83166c5864a-300x169.jpg 300w, https:\/\/ofa-impact.org\/wp-content\/uploads\/2026\/04\/4f3e5c96cb5193845de195d28fb4d83166c5864a-1024x576.jpg 1024w, https:\/\/ofa-impact.org\/wp-content\/uploads\/2026\/04\/4f3e5c96cb5193845de195d28fb4d83166c5864a-768x432.jpg 768w, https:\/\/ofa-impact.org\/wp-content\/uploads\/2026\/04\/4f3e5c96cb5193845de195d28fb4d83166c5864a-18x10.jpg 18w\" sizes=\"auto, (max-width: 1440px) 100vw, 1440px\" \/><\/figure>\n<\/div>\n<\/div>\n<\/div>\n\n<div class=\"wp-block-group alignfull is-style-ext-preset--group--natural-1--section has-background-background-color has-background has-global-padding is-layout-constrained wp-container-core-group-is-layout-e955bbaf wp-block-group-is-layout-constrained\" style=\"margin-top:0;margin-bottom:0;padding-top:var(--wp--preset--spacing--70);padding-bottom:var(--wp--preset--spacing--70)\">\n<h2 class=\"wp-block-heading has-text-align-center ext-animate--on\">Ber\u00fchrende Erfolgsgeschichten aus unserer Gemeinschaft<\/h2>\n\n\n\n<p class=\"has-text-align-center ext-animate--on\" style=\"margin-top:1.5rem\">Dieser Bereich erkl\u00e4rt, wie Sie mit OFA Impact direkt helfen und nachhaltig unterst\u00fctzen k\u00f6nnen.<\/p>\n\n\n\n<div class=\"wp-block-columns alignwide are-vertically-aligned-center is-layout-flex wp-container-core-columns-is-layout-174606dc wp-block-columns-is-layout-flex\">\n<div class=\"wp-block-column is-vertically-aligned-center ext-animate--on is-layout-flow wp-block-column-is-layout-flow\">\n<h3 class=\"wp-block-heading ext-animate--on\">Wie Menschen durch unsere Hilfe neue Hoffnung fanden.<\/h3>\n\n\n\n<p class=\"ext-animate--on\" style=\"margin-top:1.5rem\">Diese Fallstudie zeigt, wie unsere Street Stations Bed\u00fcrftigen schnelle Hilfe bieten und Gemeinschaft st\u00e4rken.<\/p>\n<\/div>\n\n\n\n<div class=\"wp-block-column is-vertically-aligned-center ext-animate--on is-layout-flow wp-block-column-is-layout-flow\">\n<figure class=\"wp-block-image is-style-ext-preset--image--natural-1--image-1--content-left is-style-ext-preset--image--natural-1--image-1--content-left--9\"><img decoding=\"async\" class=\"wp-image-51\" src=\"https:\/\/ofa-impact.org\/wp-content\/uploads\/2026\/04\/2b783ce0fcce64ff67550eff598174e761599f21.jpg\" alt=\"\" style=\"aspect-ratio:4\/3;object-fit:cover\"\/><\/figure>\n<\/div>\n<\/div>\n\n\n\n<div class=\"wp-block-columns alignwide are-vertically-aligned-center is-layout-flex wp-container-core-columns-is-layout-ed161d23 wp-block-columns-is-layout-flex\" style=\"margin-top:var(--wp--preset--spacing--50)\">\n<div class=\"wp-block-column is-vertically-aligned-center ext-animate--on is-layout-flow wp-block-column-is-layout-flow\">\n<figure class=\"wp-block-image is-style-ext-preset--image--natural-1--image-1--content-right is-style-ext-preset--image--natural-1--image-1--content-right--10\"><img decoding=\"async\" class=\"wp-image-50\" src=\"https:\/\/ofa-impact.org\/wp-content\/uploads\/2026\/04\/36a54e0622f55fe74c283ea0fec349967e420444.jpg\" alt=\"\" style=\"aspect-ratio:4\/3;object-fit:cover\"\/><\/figure>\n<\/div>\n\n\n\n<div class=\"wp-block-column is-vertically-aligned-center ext-animate--on is-layout-flow wp-block-column-is-layout-flow\">\n<h3 class=\"wp-block-heading ext-animate--on\">Gemeinsam langfristige Verbesserungen bewirken<\/h3>\n\n\n\n<p class=\"ext-animate--on\" style=\"margin-top:1.5rem\">Diese Fallstudie beschreibt, wie gezielte Unterst\u00fctzung Not lindert und Lebensqualit\u00e4t verbessert.<\/p>\n<\/div>\n<\/div>\n\n\n\n<div class=\"wp-block-columns alignwide are-vertically-aligned-center is-layout-flex wp-container-core-columns-is-layout-ed161d23 wp-block-columns-is-layout-flex\" style=\"margin-top:var(--wp--preset--spacing--50)\">\n<div class=\"wp-block-column is-vertically-aligned-center ext-animate--on is-layout-flow wp-block-column-is-layout-flow\">\n<h3 class=\"wp-block-heading ext-animate--on\">Verbesserung der Lebensumst\u00e4nde durch gemeinschaftliches Engagement.<\/h3>\n\n\n\n<p class=\"ext-animate--on\" style=\"margin-top:1.5rem\">Diese Fallstudie zeigt, wie gezielte Aktionen direkte Hilfe erm\u00f6glichen und Ressourcen optimal nutzen.<\/p>\n<\/div>\n\n\n\n<div class=\"wp-block-column is-vertically-aligned-center ext-animate--on is-layout-flow wp-block-column-is-layout-flow\">\n<figure class=\"wp-block-image is-style-ext-preset--image--natural-1--image-1--content-left is-style-ext-preset--image--natural-1--image-1--content-left--11\"><img decoding=\"async\" class=\"wp-image-49\" src=\"https:\/\/ofa-impact.org\/wp-content\/uploads\/2026\/04\/cc2297ed0d976c37cbd460dfe1eedc430439fd68.jpg\" alt=\"\" style=\"aspect-ratio:4\/3;object-fit:cover\"\/><\/figure>\n<\/div>\n<\/div>\n\n\n\n<div class=\"wp-block-buttons ext-animate--on is-content-justification-center is-layout-flex wp-container-core-buttons-is-layout-a89b3969 wp-block-buttons-is-layout-flex\">\n<div class=\"wp-block-button is-style-ext-preset--button--natural-1--button-1 is-style-ext-preset--button--natural-1--button-1--12\"><a class=\"wp-block-button__link wp-element-button\" href=\"https:\/\/ofa-impact.org\/en\/ressourcen\/\">Mehr erfahren<\/a><\/div>\n<\/div>\n<\/div>","protected":false},"excerpt":{"rendered":"<p>Direkte Hilfe: Sofortige Unterst\u00fctzung f\u00fcr Menschen in Not OFA Impact engagiert sich daf\u00fcr, unmittelbare Hilfe und lebenswichtige G\u00fcter an Menschen in akuten Notlagen zu verteilen. Unsere Vision ist es, Gemeinschaft zu st\u00e4rken und Transparenz bei jeder Aktion zu gew\u00e4hrleisten. Stra\u00dfenstationen: Soforthilfe, die wirkt Entdecken Sie hier aussagekr\u00e4ftige Bilder, die unsere direkte Unterst\u00fctzung und Gemeinschaft zeigen. [&hellip;]<\/p>\n","protected":false},"author":1,"featured_media":0,"parent":0,"menu_order":0,"comment_status":"closed","ping_status":"closed","template":"page-with-title","meta":{"footnotes":""},"class_list":["post-37","page","type-page","status-publish","hentry"],"_links":{"self":[{"href":"https:\/\/ofa-impact.org\/en\/wp-json\/wp\/v2\/pages\/37","targetHints":{"allow":["GET"]}}],"collection":[{"href":"https:\/\/ofa-impact.org\/en\/wp-json\/wp\/v2\/pages"}],"about":[{"href":"https:\/\/ofa-impact.org\/en\/wp-json\/wp\/v2\/types\/page"}],"author":[{"embeddable":true,"href":"https:\/\/ofa-impact.org\/en\/wp-json\/wp\/v2\/users\/1"}],"replies":[{"embeddable":true,"href":"https:\/\/ofa-impact.org\/en\/wp-json\/wp\/v2\/comments?post=37"}],"version-history":[{"count":2,"href":"https:\/\/ofa-impact.org\/en\/wp-json\/wp\/v2\/pages\/37\/revisions"}],"predecessor-version":[{"id":67,"href":"https:\/\/ofa-impact.org\/en\/wp-json\/wp\/v2\/pages\/37\/revisions\/67"}],"wp:attachment":[{"href":"https:\/\/ofa-impact.org\/en\/wp-json\/wp\/v2\/media?parent=37"}],"curies":[{"name":"wp","href":"https:\/\/api.w.org\/{rel}","templated":true}]}}