{"id":232,"date":"2026-04-08T23:12:53","date_gmt":"2026-04-08T23:12:53","guid":{"rendered":"https:\/\/ofa-impact.org\/?page_id=232"},"modified":"2026-04-09T16:32:59","modified_gmt":"2026-04-09T16:32:59","slug":"ueber-uns","status":"publish","type":"page","link":"https:\/\/ofa-impact.org\/en\/ueber-uns\/","title":{"rendered":"\u00dcber uns"},"content":{"rendered":"<div class=\"wp-block-group alignfull is-style-ext-preset--group--natural-1--section ext-animate--on has-tertiary-background-color has-background has-global-padding is-layout-constrained wp-container-core-group-is-layout-e955bbaf wp-block-group-is-layout-constrained\" style=\"margin-top:0;margin-bottom:0;padding-top:var(--wp--preset--spacing--70);padding-bottom:var(--wp--preset--spacing--70)\">\n<div class=\"wp-block-group alignwide ext-is-logical-start ext-animate--on has-global-padding is-content-justification-left is-layout-constrained wp-container-core-group-is-layout-20186816 wp-block-group-is-layout-constrained\">\n<h2 class=\"wp-block-heading ext-animate--on\">Unsere Story<\/h2>\n\n\n\n<p class=\"ext-animate--on\">Aus einer Idee wurde eine Initiative.<\/p>\n<\/div>\n\n\n\n<div class=\"wp-block-columns alignwide ext-animate--on is-layout-flex wp-container-core-columns-is-layout-08c01c1c wp-block-columns-is-layout-flex\">\n<div class=\"wp-block-column is-vertically-aligned-stretch ext-animate--on is-layout-flow wp-container-core-column-is-layout-119bc444 wp-block-column-is-layout-flow\">\n<div class=\"wp-block-group is-style-ext-preset--group--natural-1--item-card-1--align-start ext-animate--on is-vertical is-content-justification-stretch is-layout-flex wp-container-core-group-is-layout-353c4f5a wp-block-group-is-layout-flex is-style-ext-preset--group--natural-1--item-card-1--align-start--2\" style=\"min-height:100%\">\n<div class=\"wp-block-columns ext-animate--on wp-container-content-9cfa9a5a is-layout-flex wp-container-core-columns-is-layout-28232c24 wp-block-columns-is-layout-flex\">\n<div class=\"wp-block-column is-vertically-aligned-stretch ext-animate--on is-layout-flow wp-block-column-is-layout-flow\">\n<div class=\"wp-block-cover ext-animate--on\" style=\"padding-top:0;padding-right:0;padding-bottom:0;padding-left:0;min-height:583px;aspect-ratio:unset;\"><img loading=\"lazy\" decoding=\"async\" width=\"640\" height=\"854\" class=\"wp-block-cover__image-background wp-image-313 size-full\" alt=\"\" src=\"https:\/\/ofa-impact.org\/wp-content\/uploads\/2026\/04\/pexels-media-4310210-2.jpeg\" data-object-fit=\"cover\" srcset=\"https:\/\/ofa-impact.org\/wp-content\/uploads\/2026\/04\/pexels-media-4310210-2.jpeg 640w, https:\/\/ofa-impact.org\/wp-content\/uploads\/2026\/04\/pexels-media-4310210-2-225x300.jpeg 225w, https:\/\/ofa-impact.org\/wp-content\/uploads\/2026\/04\/pexels-media-4310210-2-9x12.jpeg 9w\" sizes=\"auto, (max-width: 640px) 100vw, 640px\" \/><span aria-hidden=\"true\" class=\"wp-block-cover__background has-background-dim-0 has-background-dim\" style=\"background-color:#494739\"><\/span><div class=\"wp-block-cover__inner-container has-global-padding is-layout-constrained wp-container-core-cover-is-layout-c06d165c wp-block-cover-is-layout-constrained\">\n<div style=\"height:160px\" aria-hidden=\"true\" class=\"wp-block-spacer ext-animate--on\"><\/div>\n<\/div><\/div>\n<\/div>\n\n\n\n<div class=\"wp-block-column is-vertically-aligned-stretch ext-animate--on is-layout-flow wp-block-column-is-layout-flow\">\n<div class=\"wp-block-group is-style-default ext-animate--on has-global-padding is-layout-constrained wp-container-core-group-is-layout-1c074333 wp-block-group-is-layout-constrained\" style=\"padding-top:var(--wp--preset--spacing--50);padding-right:var(--wp--preset--spacing--30);padding-bottom:var(--wp--preset--spacing--50);padding-left:var(--wp--preset--spacing--30)\">\n<h3 class=\"wp-block-heading ext-animate--on\" style=\"font-size:clamp(14px, 0.875rem + ((1vw - 3.2px) * 0.625), 20px);\">Wir leben in einer Zeit&#8230;<\/h3>\n\n\n\n<p class=\"ext-animate--on\">&#8230;in der viele Menschen k\u00e4mpfen. Preise steigen, Existenzen geraten ins Wanken und immer mehr Menschen sehen sich mit Herausforderungen konfrontiert, die sie allein kaum bew\u00e4ltigen k\u00f6nnen. <\/p>\n\n\n\n<p class=\"ext-animate--on\">Gleichzeitig w\u00e4chst das Gef\u00fchl, dass Zusammenhalt und gegenseitige Unterst\u00fctzung immer wichtiger werden.<\/p>\n<\/div>\n<\/div>\n<\/div>\n<\/div>\n<\/div>\n\n\n\n<div class=\"wp-block-column is-vertically-aligned-stretch ext-animate--on is-layout-flow wp-container-core-column-is-layout-119bc444 wp-block-column-is-layout-flow\">\n<div class=\"wp-block-group is-style-ext-preset--group--natural-1--item-card-1--align-start ext-animate--on is-vertical is-content-justification-stretch is-layout-flex wp-container-core-group-is-layout-ae24f51d wp-block-group-is-layout-flex is-style-ext-preset--group--natural-1--item-card-1--align-start--3\" style=\"min-height:100%\">\n<div class=\"wp-block-columns ext-animate--on wp-container-content-9cfa9a5a is-layout-flex wp-container-core-columns-is-layout-28232c24 wp-block-columns-is-layout-flex\">\n<div class=\"wp-block-column is-vertically-aligned-stretch ext-animate--on is-layout-flow wp-block-column-is-layout-flow\">\n<div class=\"wp-block-cover ext-animate--on\" style=\"padding-top:0;padding-right:0;padding-bottom:0;padding-left:0;min-height:580px;aspect-ratio:unset;\"><img loading=\"lazy\" decoding=\"async\" width=\"640\" height=\"800\" class=\"wp-block-cover__image-background wp-image-303 size-full\" alt=\"\" src=\"https:\/\/ofa-impact.org\/wp-content\/uploads\/2026\/04\/pexels-media-10419044.jpeg\" data-object-fit=\"cover\" srcset=\"https:\/\/ofa-impact.org\/wp-content\/uploads\/2026\/04\/pexels-media-10419044.jpeg 640w, https:\/\/ofa-impact.org\/wp-content\/uploads\/2026\/04\/pexels-media-10419044-240x300.jpeg 240w, https:\/\/ofa-impact.org\/wp-content\/uploads\/2026\/04\/pexels-media-10419044-10x12.jpeg 10w\" sizes=\"auto, (max-width: 640px) 100vw, 640px\" \/><span aria-hidden=\"true\" class=\"wp-block-cover__background has-background-dim-0 has-background-dim\" style=\"background-color:#3d3d3d\"><\/span><div class=\"wp-block-cover__inner-container has-global-padding is-layout-constrained wp-container-core-cover-is-layout-c06d165c wp-block-cover-is-layout-constrained\">\n<div style=\"height:160px\" aria-hidden=\"true\" class=\"wp-block-spacer ext-animate--on\"><\/div>\n<\/div><\/div>\n<\/div>\n\n\n\n<div class=\"wp-block-column is-vertically-aligned-top ext-animate--on is-layout-flow wp-block-column-is-layout-flow\">\n<div class=\"wp-block-group is-style-default ext-animate--on has-global-padding is-layout-constrained wp-container-core-group-is-layout-1c074333 wp-block-group-is-layout-constrained\" style=\"padding-top:var(--wp--preset--spacing--50);padding-right:var(--wp--preset--spacing--30);padding-bottom:var(--wp--preset--spacing--50);padding-left:var(--wp--preset--spacing--30)\">\n<h3 class=\"wp-block-heading ext-animate--on\" style=\"font-size:clamp(14px, 0.875rem + ((1vw - 3.2px) * 0.625), 20px);\">Auch wir&#8230;<\/h3>\n\n\n\n<p class=\"ext-animate--on\">&#8230;haben diese Entwicklung wahrgenommen. Und irgendwann stand f\u00fcr uns fest: Wir wollten nicht l\u00e4nger nur zusehen. Nicht abwarten und hoffen, dass sich etwas ver\u00e4ndert \u2013 sondern selbst aktiv werden und Menschen die Hand reichen, die Unterst\u00fctzung ben\u00f6tigen.<\/p>\n<\/div>\n<\/div>\n<\/div>\n<\/div>\n<\/div>\n<\/div>\n\n\n\n<div class=\"wp-block-columns alignwide ext-animate--on is-layout-flex wp-container-core-columns-is-layout-967d05ff wp-block-columns-is-layout-flex\" style=\"margin-top:var(--wp--preset--spacing--40)\">\n<div class=\"wp-block-column is-vertically-aligned-stretch ext-animate--on is-layout-flow wp-container-core-column-is-layout-119bc444 wp-block-column-is-layout-flow\">\n<div class=\"wp-block-group is-style-ext-preset--group--natural-1--item-card-1--align-start ext-animate--on is-vertical is-content-justification-stretch is-layout-flex wp-container-core-group-is-layout-353c4f5a wp-block-group-is-layout-flex is-style-ext-preset--group--natural-1--item-card-1--align-start--4\" style=\"min-height:100%\">\n<div class=\"wp-block-columns ext-animate--on wp-container-content-9cfa9a5a is-layout-flex wp-container-core-columns-is-layout-28232c24 wp-block-columns-is-layout-flex\">\n<div class=\"wp-block-column is-vertically-aligned-stretch ext-animate--on is-layout-flow wp-block-column-is-layout-flow\">\n<div class=\"wp-block-cover is-light ext-animate--on\" style=\"padding-top:0;padding-right:0;padding-bottom:0;padding-left:0;min-height:579px;aspect-ratio:unset;\"><img loading=\"lazy\" decoding=\"async\" width=\"853\" height=\"1280\" class=\"wp-block-cover__image-background wp-image-82 size-full\" alt=\"\" src=\"https:\/\/ofa-impact.org\/wp-content\/uploads\/2026\/04\/pexels-kevin-malik-9016992.jpg\" data-object-fit=\"cover\" srcset=\"https:\/\/ofa-impact.org\/wp-content\/uploads\/2026\/04\/pexels-kevin-malik-9016992.jpg 853w, https:\/\/ofa-impact.org\/wp-content\/uploads\/2026\/04\/pexels-kevin-malik-9016992-200x300.jpg 200w, https:\/\/ofa-impact.org\/wp-content\/uploads\/2026\/04\/pexels-kevin-malik-9016992-682x1024.jpg 682w, https:\/\/ofa-impact.org\/wp-content\/uploads\/2026\/04\/pexels-kevin-malik-9016992-768x1152.jpg 768w, https:\/\/ofa-impact.org\/wp-content\/uploads\/2026\/04\/pexels-kevin-malik-9016992-8x12.jpg 8w\" sizes=\"auto, (max-width: 853px) 100vw, 853px\" \/><span aria-hidden=\"true\" class=\"wp-block-cover__background has-background-dim-0 has-background-dim\" style=\"background-color:#b89f84\"><\/span><div class=\"wp-block-cover__inner-container has-global-padding is-layout-constrained wp-container-core-cover-is-layout-c06d165c wp-block-cover-is-layout-constrained\">\n<div style=\"height:160px\" aria-hidden=\"true\" class=\"wp-block-spacer ext-animate--on\"><\/div>\n<\/div><\/div>\n<\/div>\n\n\n\n<div class=\"wp-block-column is-vertically-aligned-stretch ext-animate--on is-layout-flow wp-block-column-is-layout-flow\">\n<div class=\"wp-block-group is-style-default ext-animate--on has-global-padding is-layout-constrained wp-container-core-group-is-layout-1c074333 wp-block-group-is-layout-constrained\" style=\"padding-top:var(--wp--preset--spacing--50);padding-right:var(--wp--preset--spacing--30);padding-bottom:var(--wp--preset--spacing--50);padding-left:var(--wp--preset--spacing--30)\">\n<h3 class=\"wp-block-heading ext-animate--on\" style=\"font-size:clamp(14px, 0.875rem + ((1vw - 3.2px) * 0.625), 20px);\">Aus diesem Gedanken&#8230;<\/h3>\n\n\n\n<p class=\"ext-animate--on\">&#8230;ist OFA Impact entstanden. Mit unserer Initiative m\u00f6chten wir Hilfe sichtbarer machen, Menschen miteinander vernetzen und dort unterst\u00fctzen, wo Unterst\u00fctzung gebraucht wird \u2013 digital und vor Ort.<\/p>\n\n\n\n<p class=\"ext-animate--on\" style=\"margin-top:0;margin-bottom:0;font-size:clamp(14px, 0.875rem + ((1vw - 3.2px) * 0.417), 18px);\"><\/p>\n<\/div>\n<\/div>\n<\/div>\n<\/div>\n<\/div>\n\n\n\n<div class=\"wp-block-column is-vertically-aligned-stretch ext-animate--on is-layout-flow wp-container-core-column-is-layout-119bc444 wp-block-column-is-layout-flow\">\n<div class=\"wp-block-group is-style-ext-preset--group--natural-1--item-card-1--align-start ext-animate--on is-vertical is-content-justification-stretch is-layout-flex wp-container-core-group-is-layout-353c4f5a wp-block-group-is-layout-flex is-style-ext-preset--group--natural-1--item-card-1--align-start--5\" style=\"min-height:100%\">\n<div class=\"wp-block-columns ext-animate--on wp-container-content-9cfa9a5a is-layout-flex wp-container-core-columns-is-layout-28232c24 wp-block-columns-is-layout-flex\">\n<div class=\"wp-block-column is-vertically-aligned-stretch ext-animate--on is-layout-flow wp-block-column-is-layout-flow\">\n<div class=\"wp-block-cover is-light ext-animate--on\" style=\"padding-top:0;padding-right:0;padding-bottom:0;padding-left:0;min-height:580px;aspect-ratio:unset;\"><img loading=\"lazy\" decoding=\"async\" width=\"853\" height=\"1280\" class=\"wp-block-cover__image-background wp-image-80 size-full\" alt=\"\" src=\"https:\/\/ofa-impact.org\/wp-content\/uploads\/2026\/04\/pexels-diva-plavalaguna-6146704.jpg\" data-object-fit=\"cover\"\/><span aria-hidden=\"true\" class=\"wp-block-cover__background has-background-dim-0 has-background-dim\" style=\"background-color:#c1ac9c\"><\/span><div class=\"wp-block-cover__inner-container has-global-padding is-layout-constrained wp-container-core-cover-is-layout-c06d165c wp-block-cover-is-layout-constrained\">\n<div style=\"height:160px\" aria-hidden=\"true\" class=\"wp-block-spacer ext-animate--on\"><\/div>\n<\/div><\/div>\n<\/div>\n\n\n\n<div class=\"wp-block-column is-vertically-aligned-stretch ext-animate--on is-layout-flow wp-block-column-is-layout-flow\">\n<div class=\"wp-block-group is-style-default ext-animate--on has-global-padding is-layout-constrained wp-container-core-group-is-layout-1c074333 wp-block-group-is-layout-constrained\" style=\"padding-top:var(--wp--preset--spacing--50);padding-right:var(--wp--preset--spacing--30);padding-bottom:var(--wp--preset--spacing--50);padding-left:var(--wp--preset--spacing--30)\">\n<h3 class=\"wp-block-heading ext-animate--on\" style=\"font-size:clamp(14px, 0.875rem + ((1vw - 3.2px) * 0.625), 20px);\">Dabei geht es uns nicht&#8230;<\/h3>\n\n\n\n<p class=\"ext-animate--on\">&#8230;um kurzfristige Hilfe, sondern um echte Gemeinschaft, nachhaltige Unterst\u00fctzung und neue Wege der Zusammenarbeit. Denn wir sind \u00fcberzeugt: Wenn Menschen zusammenkommen und sich gegenseitig st\u00e4rken, kann aus kleinen Impulsen echte Ver\u00e4nderung entstehen.<\/p>\n\n\n\n<p class=\"ext-animate--on\" style=\"margin-top:0;margin-bottom:0;font-size:clamp(14px, 0.875rem + ((1vw - 3.2px) * 0.417), 18px);\"><\/p>\n<\/div>\n<\/div>\n<\/div>\n<\/div>\n<\/div>\n<\/div>\n<\/div>","protected":false},"excerpt":{"rendered":"<p>Unsere Story Aus einer Idee wurde eine Initiative. Wir leben in einer Zeit&#8230; &#8230;in der viele Menschen k\u00e4mpfen. Preise steigen, Existenzen geraten ins Wanken und immer mehr Menschen sehen sich mit Herausforderungen konfrontiert, die sie allein kaum bew\u00e4ltigen k\u00f6nnen. Gleichzeitig w\u00e4chst das Gef\u00fchl, dass Zusammenhalt und gegenseitige Unterst\u00fctzung immer wichtiger werden. Auch wir&#8230; &#8230;haben diese [&hellip;]<\/p>\n","protected":false},"author":1,"featured_media":0,"parent":0,"menu_order":0,"comment_status":"closed","ping_status":"closed","template":"page-with-title","meta":{"footnotes":""},"class_list":["post-232","page","type-page","status-publish","hentry"],"_links":{"self":[{"href":"https:\/\/ofa-impact.org\/en\/wp-json\/wp\/v2\/pages\/232","targetHints":{"allow":["GET"]}}],"collection":[{"href":"https:\/\/ofa-impact.org\/en\/wp-json\/wp\/v2\/pages"}],"about":[{"href":"https:\/\/ofa-impact.org\/en\/wp-json\/wp\/v2\/types\/page"}],"author":[{"embeddable":true,"href":"https:\/\/ofa-impact.org\/en\/wp-json\/wp\/v2\/users\/1"}],"replies":[{"embeddable":true,"href":"https:\/\/ofa-impact.org\/en\/wp-json\/wp\/v2\/comments?post=232"}],"version-history":[{"count":86,"href":"https:\/\/ofa-impact.org\/en\/wp-json\/wp\/v2\/pages\/232\/revisions"}],"predecessor-version":[{"id":379,"href":"https:\/\/ofa-impact.org\/en\/wp-json\/wp\/v2\/pages\/232\/revisions\/379"}],"wp:attachment":[{"href":"https:\/\/ofa-impact.org\/en\/wp-json\/wp\/v2\/media?parent=232"}],"curies":[{"name":"wp","href":"https:\/\/api.w.org\/{rel}","templated":true}]}}